{"id":26,"date":"2019-03-25T16:08:51","date_gmt":"2019-03-25T15:08:51","guid":{"rendered":"http:\/\/beate-roennefarth.fr\/?page_id=26"},"modified":"2025-04-13T13:48:28","modified_gmt":"2025-04-13T11:48:28","slug":"contact","status":"publish","type":"page","link":"https:\/\/beate-roennefarth.fr\/index.php\/contact\/","title":{"rendered":"Contact"},"content":{"rendered":"\n<p class=\"has-text-color has-medium-font-size\" style=\"color:#134947\">CONTACT<\/p>\n\n\n<div class=\"wp-block-image\">\n<figure class=\"alignright is-resized\"><img loading=\"lazy\" decoding=\"async\" width=\"1024\" height=\"768\" src=\"http:\/\/beate-roennefarth.fr\/wp-content\/uploads\/2019\/04\/facade-atelier-1-1024x768.jpg\" alt=\"\" class=\"wp-image-675\" style=\"width:506px;height:379px\" srcset=\"https:\/\/beate-roennefarth.fr\/wp-content\/uploads\/2019\/04\/facade-atelier-1-1024x768.jpg 1024w, https:\/\/beate-roennefarth.fr\/wp-content\/uploads\/2019\/04\/facade-atelier-1-600x450.jpg 600w, https:\/\/beate-roennefarth.fr\/wp-content\/uploads\/2019\/04\/facade-atelier-1-300x225.jpg 300w, https:\/\/beate-roennefarth.fr\/wp-content\/uploads\/2019\/04\/facade-atelier-1-768x576.jpg 768w, https:\/\/beate-roennefarth.fr\/wp-content\/uploads\/2019\/04\/facade-atelier-1.jpg 1500w\" sizes=\"auto, (max-width: 1024px) 100vw, 1024px\" \/><\/figure>\n<\/div>\n\n\n<blockquote class=\"wp-block-quote is-layout-flow wp-block-quote-is-layout-flow\">\n<p> Beate R\u00f6nnefarth<br> \u00d4SERAMIK atelier-galerie<br> 53, mont\u00e9e de la grande c\u00f4te<br> 69001 LYON<br> 06.28.22.52.07<br><a href=\"mailto:oseramik@neuf.fr\"> oseramik(arobase)neuf.fr<\/a><\/p>\n\n\n\n<div style=\"height:55px\" aria-hidden=\"true\" class=\"wp-block-spacer\"><\/div>\n\n\n\n<p><strong> horaires d\u2019ouverture<\/strong><br> mardi, mercredi&nbsp;: 15h \u2013 18h<br> vendredi, samedi&nbsp;: 14h \u2013 19h<br> et sur rendez-vous <\/p>\n<\/blockquote>\n\n\n\n\n<script>\n  document.addEventListener(\"DOMContentLoaded\", function () {\n    \/\/ Cible tous les liens sur la page\n    document.querySelectorAll('a').forEach(function (link) {\n      link.setAttribute('target', '_blank');\n      link.setAttribute('rel', 'noopener noreferrer');\n    });\n  });\n<\/script>\n\n","protected":false},"excerpt":{"rendered":"<p>CONTACT<\/p>\n","protected":false},"author":1,"featured_media":0,"parent":0,"menu_order":0,"comment_status":"closed","ping_status":"closed","template":"","meta":{"footnotes":""},"class_list":["post-26","page","type-page","status-publish","hentry"],"yoast_head":"<!-- This site is optimized with the Yoast SEO plugin v27.2 - https:\/\/yoast.com\/product\/yoast-seo-wordpress\/ -->\n<title>Contact - oseramik<\/title>\n<meta name=\"robots\" content=\"index, follow, max-snippet:-1, max-image-preview:large, max-video-preview:-1\" \/>\n<link rel=\"canonical\" href=\"http:\/\/beate-roennefarth.fr\/index.php\/contact\/\" \/>\n<meta property=\"og:locale\" content=\"fr_FR\" \/>\n<meta property=\"og:type\" content=\"article\" \/>\n<meta property=\"og:title\" content=\"Contact - oseramik\" \/>\n<meta property=\"og:description\" content=\"CONTACT\" \/>\n<meta property=\"og:url\" content=\"http:\/\/beate-roennefarth.fr\/index.php\/contact\/\" \/>\n<meta property=\"og:site_name\" content=\"oseramik\" \/>\n<meta property=\"article:modified_time\" content=\"2025-04-13T11:48:28+00:00\" \/>\n<meta property=\"og:image\" content=\"http:\/\/beate-roennefarth.fr\/wp-content\/uploads\/2019\/04\/facade-atelier-1-1024x768.jpg\" \/>\n<meta name=\"twitter:card\" content=\"summary_large_image\" \/>\n<meta name=\"twitter:label1\" content=\"Dur\u00e9e de lecture estim\u00e9e\" \/>\n\t<meta name=\"twitter:data1\" content=\"1 minute\" \/>\n<script type=\"application\/ld+json\" class=\"yoast-schema-graph\">{\"@context\":\"https:\/\/schema.org\",\"@graph\":[{\"@type\":\"WebPage\",\"@id\":\"http:\/\/beate-roennefarth.fr\/index.php\/contact\/\",\"url\":\"http:\/\/beate-roennefarth.fr\/index.php\/contact\/\",\"name\":\"Contact - oseramik\",\"isPartOf\":{\"@id\":\"http:\/\/beate-roennefarth.fr\/#website\"},\"primaryImageOfPage\":{\"@id\":\"http:\/\/beate-roennefarth.fr\/index.php\/contact\/#primaryimage\"},\"image\":{\"@id\":\"http:\/\/beate-roennefarth.fr\/index.php\/contact\/#primaryimage\"},\"thumbnailUrl\":\"http:\/\/beate-roennefarth.fr\/wp-content\/uploads\/2019\/04\/facade-atelier-1-1024x768.jpg\",\"datePublished\":\"2019-03-25T15:08:51+00:00\",\"dateModified\":\"2025-04-13T11:48:28+00:00\",\"breadcrumb\":{\"@id\":\"http:\/\/beate-roennefarth.fr\/index.php\/contact\/#breadcrumb\"},\"inLanguage\":\"fr-FR\",\"potentialAction\":[{\"@type\":\"ReadAction\",\"target\":[\"http:\/\/beate-roennefarth.fr\/index.php\/contact\/\"]}]},{\"@type\":\"ImageObject\",\"inLanguage\":\"fr-FR\",\"@id\":\"http:\/\/beate-roennefarth.fr\/index.php\/contact\/#primaryimage\",\"url\":\"https:\/\/beate-roennefarth.fr\/wp-content\/uploads\/2019\/04\/facade-atelier-1.jpg\",\"contentUrl\":\"https:\/\/beate-roennefarth.fr\/wp-content\/uploads\/2019\/04\/facade-atelier-1.jpg\",\"width\":1500,\"height\":1125},{\"@type\":\"BreadcrumbList\",\"@id\":\"http:\/\/beate-roennefarth.fr\/index.php\/contact\/#breadcrumb\",\"itemListElement\":[{\"@type\":\"ListItem\",\"position\":1,\"name\":\"Home\",\"item\":\"http:\/\/beate-roennefarth.fr\/\"},{\"@type\":\"ListItem\",\"position\":2,\"name\":\"Contact\"}]},{\"@type\":\"WebSite\",\"@id\":\"http:\/\/beate-roennefarth.fr\/#website\",\"url\":\"http:\/\/beate-roennefarth.fr\/\",\"name\":\"beate ronnefarth\",\"description\":\"c\u00e9ramique poterie artisanat lyon\",\"publisher\":{\"@id\":\"http:\/\/beate-roennefarth.fr\/#\/schema\/person\/2eaad65790d7f92a2191fbad2dd996a5\"},\"potentialAction\":[{\"@type\":\"SearchAction\",\"target\":{\"@type\":\"EntryPoint\",\"urlTemplate\":\"http:\/\/beate-roennefarth.fr\/?s={search_term_string}\"},\"query-input\":{\"@type\":\"PropertyValueSpecification\",\"valueRequired\":true,\"valueName\":\"search_term_string\"}}],\"inLanguage\":\"fr-FR\"},{\"@type\":[\"Person\",\"Organization\"],\"@id\":\"http:\/\/beate-roennefarth.fr\/#\/schema\/person\/2eaad65790d7f92a2191fbad2dd996a5\",\"name\":\"admin3145\",\"image\":{\"@type\":\"ImageObject\",\"inLanguage\":\"fr-FR\",\"@id\":\"https:\/\/beate-roennefarth.fr\/wp-content\/uploads\/2025\/04\/oseramikGgle.png\",\"url\":\"https:\/\/beate-roennefarth.fr\/wp-content\/uploads\/2025\/04\/oseramikGgle.png\",\"contentUrl\":\"https:\/\/beate-roennefarth.fr\/wp-content\/uploads\/2025\/04\/oseramikGgle.png\",\"width\":575,\"height\":575,\"caption\":\"admin3145\"},\"logo\":{\"@id\":\"https:\/\/beate-roennefarth.fr\/wp-content\/uploads\/2025\/04\/oseramikGgle.png\"},\"sameAs\":[\"https:\/\/beate-roennefarth.fr\/\"]}]}<\/script>\n<!-- \/ Yoast SEO plugin. -->","yoast_head_json":{"title":"Contact - oseramik","robots":{"index":"index","follow":"follow","max-snippet":"max-snippet:-1","max-image-preview":"max-image-preview:large","max-video-preview":"max-video-preview:-1"},"canonical":"http:\/\/beate-roennefarth.fr\/index.php\/contact\/","og_locale":"fr_FR","og_type":"article","og_title":"Contact - oseramik","og_description":"CONTACT","og_url":"http:\/\/beate-roennefarth.fr\/index.php\/contact\/","og_site_name":"oseramik","article_modified_time":"2025-04-13T11:48:28+00:00","og_image":[{"url":"http:\/\/beate-roennefarth.fr\/wp-content\/uploads\/2019\/04\/facade-atelier-1-1024x768.jpg","type":"","width":"","height":""}],"twitter_card":"summary_large_image","twitter_misc":{"Dur\u00e9e de lecture estim\u00e9e":"1 minute"},"schema":{"@context":"https:\/\/schema.org","@graph":[{"@type":"WebPage","@id":"http:\/\/beate-roennefarth.fr\/index.php\/contact\/","url":"http:\/\/beate-roennefarth.fr\/index.php\/contact\/","name":"Contact - oseramik","isPartOf":{"@id":"http:\/\/beate-roennefarth.fr\/#website"},"primaryImageOfPage":{"@id":"http:\/\/beate-roennefarth.fr\/index.php\/contact\/#primaryimage"},"image":{"@id":"http:\/\/beate-roennefarth.fr\/index.php\/contact\/#primaryimage"},"thumbnailUrl":"http:\/\/beate-roennefarth.fr\/wp-content\/uploads\/2019\/04\/facade-atelier-1-1024x768.jpg","datePublished":"2019-03-25T15:08:51+00:00","dateModified":"2025-04-13T11:48:28+00:00","breadcrumb":{"@id":"http:\/\/beate-roennefarth.fr\/index.php\/contact\/#breadcrumb"},"inLanguage":"fr-FR","potentialAction":[{"@type":"ReadAction","target":["http:\/\/beate-roennefarth.fr\/index.php\/contact\/"]}]},{"@type":"ImageObject","inLanguage":"fr-FR","@id":"http:\/\/beate-roennefarth.fr\/index.php\/contact\/#primaryimage","url":"https:\/\/beate-roennefarth.fr\/wp-content\/uploads\/2019\/04\/facade-atelier-1.jpg","contentUrl":"https:\/\/beate-roennefarth.fr\/wp-content\/uploads\/2019\/04\/facade-atelier-1.jpg","width":1500,"height":1125},{"@type":"BreadcrumbList","@id":"http:\/\/beate-roennefarth.fr\/index.php\/contact\/#breadcrumb","itemListElement":[{"@type":"ListItem","position":1,"name":"Home","item":"http:\/\/beate-roennefarth.fr\/"},{"@type":"ListItem","position":2,"name":"Contact"}]},{"@type":"WebSite","@id":"http:\/\/beate-roennefarth.fr\/#website","url":"http:\/\/beate-roennefarth.fr\/","name":"beate ronnefarth","description":"c\u00e9ramique poterie artisanat lyon","publisher":{"@id":"http:\/\/beate-roennefarth.fr\/#\/schema\/person\/2eaad65790d7f92a2191fbad2dd996a5"},"potentialAction":[{"@type":"SearchAction","target":{"@type":"EntryPoint","urlTemplate":"http:\/\/beate-roennefarth.fr\/?s={search_term_string}"},"query-input":{"@type":"PropertyValueSpecification","valueRequired":true,"valueName":"search_term_string"}}],"inLanguage":"fr-FR"},{"@type":["Person","Organization"],"@id":"http:\/\/beate-roennefarth.fr\/#\/schema\/person\/2eaad65790d7f92a2191fbad2dd996a5","name":"admin3145","image":{"@type":"ImageObject","inLanguage":"fr-FR","@id":"https:\/\/beate-roennefarth.fr\/wp-content\/uploads\/2025\/04\/oseramikGgle.png","url":"https:\/\/beate-roennefarth.fr\/wp-content\/uploads\/2025\/04\/oseramikGgle.png","contentUrl":"https:\/\/beate-roennefarth.fr\/wp-content\/uploads\/2025\/04\/oseramikGgle.png","width":575,"height":575,"caption":"admin3145"},"logo":{"@id":"https:\/\/beate-roennefarth.fr\/wp-content\/uploads\/2025\/04\/oseramikGgle.png"},"sameAs":["https:\/\/beate-roennefarth.fr\/"]}]}},"jetpack_sharing_enabled":true,"_links":{"self":[{"href":"https:\/\/beate-roennefarth.fr\/index.php\/wp-json\/wp\/v2\/pages\/26","targetHints":{"allow":["GET"]}}],"collection":[{"href":"https:\/\/beate-roennefarth.fr\/index.php\/wp-json\/wp\/v2\/pages"}],"about":[{"href":"https:\/\/beate-roennefarth.fr\/index.php\/wp-json\/wp\/v2\/types\/page"}],"author":[{"embeddable":true,"href":"https:\/\/beate-roennefarth.fr\/index.php\/wp-json\/wp\/v2\/users\/1"}],"replies":[{"embeddable":true,"href":"https:\/\/beate-roennefarth.fr\/index.php\/wp-json\/wp\/v2\/comments?post=26"}],"version-history":[{"count":13,"href":"https:\/\/beate-roennefarth.fr\/index.php\/wp-json\/wp\/v2\/pages\/26\/revisions"}],"predecessor-version":[{"id":1360,"href":"https:\/\/beate-roennefarth.fr\/index.php\/wp-json\/wp\/v2\/pages\/26\/revisions\/1360"}],"wp:attachment":[{"href":"https:\/\/beate-roennefarth.fr\/index.php\/wp-json\/wp\/v2\/media?parent=26"}],"curies":[{"name":"wp","href":"https:\/\/api.w.org\/{rel}","templated":true}]}}