{"id":2,"date":"2019-03-05T11:06:28","date_gmt":"2019-03-05T10:06:28","guid":{"rendered":"http:\/\/beate-roennefarth.fr\/?page_id=2"},"modified":"2025-04-13T19:41:36","modified_gmt":"2025-04-13T17:41:36","slug":"page-dacceuil","status":"publish","type":"page","link":"https:\/\/beate-roennefarth.fr\/","title":{"rendered":"poterie artisanale c\u00e9ramique lyon"},"content":{"rendered":"<div class=\"wp-block-image is-resized\">\n<figure class=\"aligncenter\"><img loading=\"lazy\" decoding=\"async\" width=\"1024\" height=\"765\" src=\"http:\/\/beate-roennefarth.fr\/wp-content\/uploads\/2019\/03\/les-mains-1-1024x765.jpg\" alt=\"\" class=\"wp-image-283\" srcset=\"https:\/\/beate-roennefarth.fr\/wp-content\/uploads\/2019\/03\/les-mains-1-1024x765.jpg 1024w, https:\/\/beate-roennefarth.fr\/wp-content\/uploads\/2019\/03\/les-mains-1-600x448.jpg 600w, https:\/\/beate-roennefarth.fr\/wp-content\/uploads\/2019\/03\/les-mains-1-300x224.jpg 300w, https:\/\/beate-roennefarth.fr\/wp-content\/uploads\/2019\/03\/les-mains-1-768x574.jpg 768w, https:\/\/beate-roennefarth.fr\/wp-content\/uploads\/2019\/03\/les-mains-1.jpg 1500w\" sizes=\"auto, (max-width: 1024px) 100vw, 1024px\" \/><\/figure>\n<\/div>\n\n\n<blockquote class=\"wp-block-quote has-text-align-center is-style-default is-layout-flow wp-block-quote-is-layout-flow\">\n<p>Je fabrique de la vaisselle en porcelaine&nbsp;: des plats, des coupes, des bols, des tasses, des th\u00e9i\u00e8res, des vases\u2026 Des objets \u00e0 utiliser tous les jours qui am\u00e8nent couleur, lumi\u00e8re et douceur de vivre.<\/p>\n\n\n\n<div style=\"height:20px\" aria-hidden=\"true\" class=\"wp-block-spacer\"><\/div>\n\n\n\n<p>Toutes mes pi\u00e8ces sont des contenants, tourn\u00e9es dans cette p\u00e2te blanche et douce, pleine de d\u00e9fis techniques, qu\u2019est la porcelaine.<\/p>\n\n\n\n<div style=\"height:20px\" aria-hidden=\"true\" class=\"wp-block-spacer\"><\/div>\n\n\n\n<p>Depuis presque 30 ans je cherche des lignes et des formes sobres et \u00e9quilibr\u00e9es.<\/p>\n\n\n\n<div style=\"height:20px\" aria-hidden=\"true\" class=\"wp-block-spacer\"><\/div>\n\n\n\n<p class=\"has-text-align-center\">L\u2019\u00e9mail est l\u2019autre d\u00e9fi cr\u00e9atif que j\u2019aime relever. Apr\u00e8s la cuisson \u00e0 1280\u00b0, chaque \u00e9mail exprime une sensibilit\u00e9, un monde, une histoire\u2026<\/p>\n\n\n\n<div style=\"height:20px\" aria-hidden=\"true\" class=\"wp-block-spacer\"><\/div>\n\n\n\n<p>Ces histoires, je me les raconte, ceux qui utilisent mes pi\u00e8ces s\u2019en racontent d\u2019autres, parfois nous les partageons, quel beau m\u00e9tier que d\u2019\u00eatre poti\u00e8re&nbsp;!<br><\/p>\n<\/blockquote>\n","protected":false},"excerpt":{"rendered":"","protected":false},"author":1,"featured_media":0,"parent":0,"menu_order":0,"comment_status":"closed","ping_status":"open","template":"","meta":{"footnotes":""},"class_list":["post-2","page","type-page","status-publish","hentry"],"yoast_head":"<!-- This site is optimized with the Yoast SEO plugin v27.2 - https:\/\/yoast.com\/product\/yoast-seo-wordpress\/ -->\n<title>Beate Roennefarth \/ c\u00e9ramique Lyon 1er<\/title>\n<meta name=\"description\" content=\"Beate Roennefarth \/ c\u00e9ramique, Lyon 1er \/ Des pi\u00e8ces \u00e0 offrir, \u00e0 utiliser, pour un quotidien color\u00e9 de lumi\u00e8re, de douceur et de chaleur.\" \/>\n<meta name=\"robots\" content=\"index, follow, max-snippet:-1, max-image-preview:large, max-video-preview:-1\" \/>\n<link rel=\"canonical\" href=\"http:\/\/beate-roennefarth.fr\/\" \/>\n<meta property=\"og:locale\" content=\"fr_FR\" \/>\n<meta property=\"og:type\" content=\"article\" \/>\n<meta property=\"og:title\" content=\"Beate Roennefarth \/ c\u00e9ramique Lyon 1er\" \/>\n<meta property=\"og:description\" content=\"Beate Roennefarth \/ c\u00e9ramique, Lyon 1er \/ Des pi\u00e8ces \u00e0 offrir, \u00e0 utiliser, pour un quotidien color\u00e9 de lumi\u00e8re, de douceur et de chaleur.\" \/>\n<meta property=\"og:url\" content=\"http:\/\/beate-roennefarth.fr\/\" \/>\n<meta property=\"og:site_name\" content=\"oseramik\" \/>\n<meta property=\"article:modified_time\" content=\"2025-04-13T17:41:36+00:00\" \/>\n<meta property=\"og:image\" content=\"http:\/\/beate-roennefarth.fr\/wp-content\/uploads\/2019\/03\/les-mains-1-1024x765.jpg\" \/>\n<meta name=\"twitter:card\" content=\"summary_large_image\" \/>\n<meta name=\"twitter:label1\" content=\"Dur\u00e9e de lecture estim\u00e9e\" \/>\n\t<meta name=\"twitter:data1\" content=\"1 minute\" \/>\n<script type=\"application\/ld+json\" class=\"yoast-schema-graph\">{\"@context\":\"https:\/\/schema.org\",\"@graph\":[{\"@type\":\"WebPage\",\"@id\":\"http:\/\/beate-roennefarth.fr\/\",\"url\":\"http:\/\/beate-roennefarth.fr\/\",\"name\":\"Beate Roennefarth \/ c\u00e9ramique Lyon 1er\",\"isPartOf\":{\"@id\":\"http:\/\/beate-roennefarth.fr\/#website\"},\"primaryImageOfPage\":{\"@id\":\"http:\/\/beate-roennefarth.fr\/#primaryimage\"},\"image\":{\"@id\":\"http:\/\/beate-roennefarth.fr\/#primaryimage\"},\"thumbnailUrl\":\"http:\/\/beate-roennefarth.fr\/wp-content\/uploads\/2019\/03\/les-mains-1-1024x765.jpg\",\"datePublished\":\"2019-03-05T10:06:28+00:00\",\"dateModified\":\"2025-04-13T17:41:36+00:00\",\"description\":\"Beate Roennefarth \/ c\u00e9ramique, Lyon 1er \/ Des pi\u00e8ces \u00e0 offrir, \u00e0 utiliser, pour un quotidien color\u00e9 de lumi\u00e8re, de douceur et de chaleur.\",\"breadcrumb\":{\"@id\":\"http:\/\/beate-roennefarth.fr\/#breadcrumb\"},\"inLanguage\":\"fr-FR\",\"potentialAction\":[{\"@type\":\"ReadAction\",\"target\":[\"http:\/\/beate-roennefarth.fr\/\"]}]},{\"@type\":\"ImageObject\",\"inLanguage\":\"fr-FR\",\"@id\":\"http:\/\/beate-roennefarth.fr\/#primaryimage\",\"url\":\"https:\/\/beate-roennefarth.fr\/wp-content\/uploads\/2019\/03\/les-mains-1.jpg\",\"contentUrl\":\"https:\/\/beate-roennefarth.fr\/wp-content\/uploads\/2019\/03\/les-mains-1.jpg\",\"width\":1500,\"height\":1121},{\"@type\":\"BreadcrumbList\",\"@id\":\"http:\/\/beate-roennefarth.fr\/#breadcrumb\",\"itemListElement\":[{\"@type\":\"ListItem\",\"position\":1,\"name\":\"Home\",\"item\":\"http:\/\/beate-roennefarth.fr\/\"},{\"@type\":\"ListItem\",\"position\":2,\"name\":\"poterie artisanale c\u00e9ramique lyon\"}]},{\"@type\":\"WebSite\",\"@id\":\"http:\/\/beate-roennefarth.fr\/#website\",\"url\":\"http:\/\/beate-roennefarth.fr\/\",\"name\":\"beate ronnefarth\",\"description\":\"c\u00e9ramique poterie artisanat lyon\",\"publisher\":{\"@id\":\"http:\/\/beate-roennefarth.fr\/#\/schema\/person\/2eaad65790d7f92a2191fbad2dd996a5\"},\"potentialAction\":[{\"@type\":\"SearchAction\",\"target\":{\"@type\":\"EntryPoint\",\"urlTemplate\":\"http:\/\/beate-roennefarth.fr\/?s={search_term_string}\"},\"query-input\":{\"@type\":\"PropertyValueSpecification\",\"valueRequired\":true,\"valueName\":\"search_term_string\"}}],\"inLanguage\":\"fr-FR\"},{\"@type\":[\"Person\",\"Organization\"],\"@id\":\"http:\/\/beate-roennefarth.fr\/#\/schema\/person\/2eaad65790d7f92a2191fbad2dd996a5\",\"name\":\"admin3145\",\"image\":{\"@type\":\"ImageObject\",\"inLanguage\":\"fr-FR\",\"@id\":\"https:\/\/beate-roennefarth.fr\/wp-content\/uploads\/2025\/04\/oseramikGgle.png\",\"url\":\"https:\/\/beate-roennefarth.fr\/wp-content\/uploads\/2025\/04\/oseramikGgle.png\",\"contentUrl\":\"https:\/\/beate-roennefarth.fr\/wp-content\/uploads\/2025\/04\/oseramikGgle.png\",\"width\":575,\"height\":575,\"caption\":\"admin3145\"},\"logo\":{\"@id\":\"https:\/\/beate-roennefarth.fr\/wp-content\/uploads\/2025\/04\/oseramikGgle.png\"},\"sameAs\":[\"https:\/\/beate-roennefarth.fr\/\"]}]}<\/script>\n<!-- \/ Yoast SEO plugin. -->","yoast_head_json":{"title":"Beate Roennefarth \/ c\u00e9ramique Lyon 1er","description":"Beate Roennefarth \/ c\u00e9ramique, Lyon 1er \/ Des pi\u00e8ces \u00e0 offrir, \u00e0 utiliser, pour un quotidien color\u00e9 de lumi\u00e8re, de douceur et de chaleur.","robots":{"index":"index","follow":"follow","max-snippet":"max-snippet:-1","max-image-preview":"max-image-preview:large","max-video-preview":"max-video-preview:-1"},"canonical":"http:\/\/beate-roennefarth.fr\/","og_locale":"fr_FR","og_type":"article","og_title":"Beate Roennefarth \/ c\u00e9ramique Lyon 1er","og_description":"Beate Roennefarth \/ c\u00e9ramique, Lyon 1er \/ Des pi\u00e8ces \u00e0 offrir, \u00e0 utiliser, pour un quotidien color\u00e9 de lumi\u00e8re, de douceur et de chaleur.","og_url":"http:\/\/beate-roennefarth.fr\/","og_site_name":"oseramik","article_modified_time":"2025-04-13T17:41:36+00:00","og_image":[{"url":"http:\/\/beate-roennefarth.fr\/wp-content\/uploads\/2019\/03\/les-mains-1-1024x765.jpg","type":"","width":"","height":""}],"twitter_card":"summary_large_image","twitter_misc":{"Dur\u00e9e de lecture estim\u00e9e":"1 minute"},"schema":{"@context":"https:\/\/schema.org","@graph":[{"@type":"WebPage","@id":"http:\/\/beate-roennefarth.fr\/","url":"http:\/\/beate-roennefarth.fr\/","name":"Beate Roennefarth \/ c\u00e9ramique Lyon 1er","isPartOf":{"@id":"http:\/\/beate-roennefarth.fr\/#website"},"primaryImageOfPage":{"@id":"http:\/\/beate-roennefarth.fr\/#primaryimage"},"image":{"@id":"http:\/\/beate-roennefarth.fr\/#primaryimage"},"thumbnailUrl":"http:\/\/beate-roennefarth.fr\/wp-content\/uploads\/2019\/03\/les-mains-1-1024x765.jpg","datePublished":"2019-03-05T10:06:28+00:00","dateModified":"2025-04-13T17:41:36+00:00","description":"Beate Roennefarth \/ c\u00e9ramique, Lyon 1er \/ Des pi\u00e8ces \u00e0 offrir, \u00e0 utiliser, pour un quotidien color\u00e9 de lumi\u00e8re, de douceur et de chaleur.","breadcrumb":{"@id":"http:\/\/beate-roennefarth.fr\/#breadcrumb"},"inLanguage":"fr-FR","potentialAction":[{"@type":"ReadAction","target":["http:\/\/beate-roennefarth.fr\/"]}]},{"@type":"ImageObject","inLanguage":"fr-FR","@id":"http:\/\/beate-roennefarth.fr\/#primaryimage","url":"https:\/\/beate-roennefarth.fr\/wp-content\/uploads\/2019\/03\/les-mains-1.jpg","contentUrl":"https:\/\/beate-roennefarth.fr\/wp-content\/uploads\/2019\/03\/les-mains-1.jpg","width":1500,"height":1121},{"@type":"BreadcrumbList","@id":"http:\/\/beate-roennefarth.fr\/#breadcrumb","itemListElement":[{"@type":"ListItem","position":1,"name":"Home","item":"http:\/\/beate-roennefarth.fr\/"},{"@type":"ListItem","position":2,"name":"poterie artisanale c\u00e9ramique lyon"}]},{"@type":"WebSite","@id":"http:\/\/beate-roennefarth.fr\/#website","url":"http:\/\/beate-roennefarth.fr\/","name":"beate ronnefarth","description":"c\u00e9ramique poterie artisanat lyon","publisher":{"@id":"http:\/\/beate-roennefarth.fr\/#\/schema\/person\/2eaad65790d7f92a2191fbad2dd996a5"},"potentialAction":[{"@type":"SearchAction","target":{"@type":"EntryPoint","urlTemplate":"http:\/\/beate-roennefarth.fr\/?s={search_term_string}"},"query-input":{"@type":"PropertyValueSpecification","valueRequired":true,"valueName":"search_term_string"}}],"inLanguage":"fr-FR"},{"@type":["Person","Organization"],"@id":"http:\/\/beate-roennefarth.fr\/#\/schema\/person\/2eaad65790d7f92a2191fbad2dd996a5","name":"admin3145","image":{"@type":"ImageObject","inLanguage":"fr-FR","@id":"https:\/\/beate-roennefarth.fr\/wp-content\/uploads\/2025\/04\/oseramikGgle.png","url":"https:\/\/beate-roennefarth.fr\/wp-content\/uploads\/2025\/04\/oseramikGgle.png","contentUrl":"https:\/\/beate-roennefarth.fr\/wp-content\/uploads\/2025\/04\/oseramikGgle.png","width":575,"height":575,"caption":"admin3145"},"logo":{"@id":"https:\/\/beate-roennefarth.fr\/wp-content\/uploads\/2025\/04\/oseramikGgle.png"},"sameAs":["https:\/\/beate-roennefarth.fr\/"]}]}},"jetpack_sharing_enabled":true,"_links":{"self":[{"href":"https:\/\/beate-roennefarth.fr\/index.php\/wp-json\/wp\/v2\/pages\/2","targetHints":{"allow":["GET"]}}],"collection":[{"href":"https:\/\/beate-roennefarth.fr\/index.php\/wp-json\/wp\/v2\/pages"}],"about":[{"href":"https:\/\/beate-roennefarth.fr\/index.php\/wp-json\/wp\/v2\/types\/page"}],"author":[{"embeddable":true,"href":"https:\/\/beate-roennefarth.fr\/index.php\/wp-json\/wp\/v2\/users\/1"}],"replies":[{"embeddable":true,"href":"https:\/\/beate-roennefarth.fr\/index.php\/wp-json\/wp\/v2\/comments?post=2"}],"version-history":[{"count":49,"href":"https:\/\/beate-roennefarth.fr\/index.php\/wp-json\/wp\/v2\/pages\/2\/revisions"}],"predecessor-version":[{"id":1409,"href":"https:\/\/beate-roennefarth.fr\/index.php\/wp-json\/wp\/v2\/pages\/2\/revisions\/1409"}],"wp:attachment":[{"href":"https:\/\/beate-roennefarth.fr\/index.php\/wp-json\/wp\/v2\/media?parent=2"}],"curies":[{"name":"wp","href":"https:\/\/api.w.org\/{rel}","templated":true}]}}